{"id":308,"date":"2025-06-24T23:58:39","date_gmt":"2025-06-24T23:58:39","guid":{"rendered":"https:\/\/mediathek.mvo-intern.de\/?page_id=308"},"modified":"2025-12-24T04:52:09","modified_gmt":"2025-12-24T04:52:09","slug":"herzlich-willkommen","status":"publish","type":"page","link":"https:\/\/mediathek.mvo-intern.de\/","title":{"rendered":"Herzlich Willkommen!"},"content":{"rendered":"\n<p>Dies ist die interne Mediathek vom Musikverein Ossweil e.V. &#8211; Stadtkapelle Ludwigsburg. <\/p>\n\n\n\n<p>Die hier gesammelten Medien sind nicht f\u00fcr die \u00d6ffentlichkeit gedacht, sondern nur f\u00fcr die Nutzung im Verein.<\/p>\n\n\n\n<p>Die offizielle Homepage ist unter <a href=\"https:\/\/musikverein-ossweil.de\/\">https:\/\/musikverein-ossweil.de\/<\/a> erreichbar.<\/p>\n\n\n\n<p><\/p>\n","protected":false},"excerpt":{"rendered":"<p>Dies ist die interne Mediathek vom Musikverein Ossweil e.V. &#8211; Stadtkapelle Ludwigsburg. Die hier gesammelten Medien sind nicht f\u00fcr die \u00d6ffentlichkeit gedacht, sondern nur f\u00fcr die Nutzung im Verein. Die offizielle Homepage ist unter https:\/\/musikverein-ossweil.de\/ erreichbar.<\/p>\n","protected":false},"author":1,"featured_media":0,"parent":0,"menu_order":0,"comment_status":"closed","ping_status":"closed","template":"","meta":{"pgc_sgb_lightbox_settings":"","footnotes":""},"class_list":["post-308","page","type-page","status-publish","hentry"],"_links":{"self":[{"href":"https:\/\/mediathek.mvo-intern.de\/index.php?rest_route=\/wp\/v2\/pages\/308","targetHints":{"allow":["GET"]}}],"collection":[{"href":"https:\/\/mediathek.mvo-intern.de\/index.php?rest_route=\/wp\/v2\/pages"}],"about":[{"href":"https:\/\/mediathek.mvo-intern.de\/index.php?rest_route=\/wp\/v2\/types\/page"}],"author":[{"embeddable":true,"href":"https:\/\/mediathek.mvo-intern.de\/index.php?rest_route=\/wp\/v2\/users\/1"}],"replies":[{"embeddable":true,"href":"https:\/\/mediathek.mvo-intern.de\/index.php?rest_route=%2Fwp%2Fv2%2Fcomments&post=308"}],"version-history":[{"count":5,"href":"https:\/\/mediathek.mvo-intern.de\/index.php?rest_route=\/wp\/v2\/pages\/308\/revisions"}],"predecessor-version":[{"id":590,"href":"https:\/\/mediathek.mvo-intern.de\/index.php?rest_route=\/wp\/v2\/pages\/308\/revisions\/590"}],"wp:attachment":[{"href":"https:\/\/mediathek.mvo-intern.de\/index.php?rest_route=%2Fwp%2Fv2%2Fmedia&parent=308"}],"curies":[{"name":"wp","href":"https:\/\/api.w.org\/{rel}","templated":true}]}}